{"id":29,"date":"2018-02-06T15:14:03","date_gmt":"2018-02-06T14:14:03","guid":{"rendered":"http:\/\/ledefiminceur21jours.com\/?page_id=29"},"modified":"2018-03-01T17:17:36","modified_gmt":"2018-03-01T16:17:36","slug":"recettes","status":"publish","type":"page","link":"http:\/\/ledefiminceur21jours.com\/index.php\/recettes\/","title":{"rendered":"Recettes"},"content":{"rendered":"<p>[et_pb_section fb_built=&#8221;1&#8243; fullwidth=&#8221;on&#8221; _builder_version=&#8221;3.0.105&#8243;][et_pb_fullwidth_header title=&#8221;Les Recettes&#8221; background_layout=&#8221;dark&#8221; _builder_version=&#8221;3.0.105&#8243; title_font=&#8221;Archivo||||||||&#8221; title_font_size=&#8221;60px&#8221; title_line_height=&#8221;1.2em&#8221; background_image=&#8221;http:\/\/ledefiminceur21jours.com\/wp-content\/uploads\/2018\/02\/ive-erhard-143833.jpg&#8221; custom_padding=&#8221;8%||8%|&#8221;][\/et_pb_fullwidth_header][\/et_pb_section][et_pb_section fb_built=&#8221;1&#8243; admin_label=&#8221;section&#8221; _builder_version=&#8221;3.0.105&#8243;][et_pb_row admin_label=&#8221;row&#8221; _builder_version=&#8221;3.0.47&#8243; background_size=&#8221;initial&#8221; background_position=&#8221;top_left&#8221; background_repeat=&#8221;repeat&#8221;][et_pb_column type=&#8221;4_4&#8243; _builder_version=&#8221;3.0.47&#8243; parallax=&#8221;off&#8221; parallax_method=&#8221;on&#8221;][et_pb_text admin_label=&#8221;Text&#8221; _builder_version=&#8221;3.0.105&#8243; background_size=&#8221;initial&#8221; background_position=&#8221;top_left&#8221; background_repeat=&#8221;repeat&#8221;]\t\t\t\t\t<em><section class=\"cooked-recipe-search cooked-clearfix\"><form action=\"http:\/\/ledefiminceur21jours.com\/index.php\/recettes\/\" method=\"get\"><div class=\"cooked-fields-wrap cooked-1-search-fields\"><div class=\"cooked-field-wrap cooked-field-wrap-select\"><span class=\"cooked-browse-select\"><span class=\"cooked-field-title\">Browse<\/span><span class=\"cooked-browse-select-block cooked-clearfix\"><span class=\"cooked-tax-column\"><span class=\"cooked-tax-column-title\">Categories<\/span><div class=\"cooked-tax-scrollable\"><a href=\"http:\/\/ledefiminceur21jours.com\/index.php\/recipe-category\/simple\/\">Simplissime<\/a><\/div><\/span><\/span><\/span><\/div><input class=\"cooked-browse-search\" type=\"text\" name=\"cooked_search_s\" value=\"\" placeholder=\"Find a recipe...\" \/><a href=\"#\" class=\"cooked-browse-search-button\"><i class=\"cooked-icon cooked-icon-search\"><\/i><\/a><\/div><input type=\"hidden\" name=\"page_id\" value=\"29\"><span class=\"cooked-sortby-wrap\"><select class=\"cooked-sortby-select\" name=\"cooked_browse_sort_by\"><option value=\"date_desc\" selected>Newest first<\/option><option value=\"date_asc\">Oldest first<\/option><option value=\"title_asc\">Alphabetical (A-Z)<\/option><option value=\"title_desc\">Alphabetical (Z-A)<\/option><\/select><\/span><\/form><\/section><section id=\"cooked-recipe-list-1\" class=\"cooked-clearfix cooked-recipe-grid cooked-recipe-loader cooked-columns-3\"><article class=\"cooked-recipe has-post-thumbnail cooked-recipe-card cooked-recipe-card-modern-centered\"><a href=\"http:\/\/ledefiminceur21jours.com\/index.php\/recipes\/bol-salade-de-riz-provencale-chataignes-et-haricots-verts\/\" class=\"cooked-recipe-card-image\" style=\"background-image:url(http:\/\/ledefiminceur21jours.com\/wp-content\/uploads\/2018\/02\/0003-Bol-Salade-nicoise-Chataignes-et-Haricots-verts-700x525.jpg);\"><\/a><span class=\"cooked-recipe-card-content\"><a href=\"http:\/\/ledefiminceur21jours.com\/index.php\/recipes\/bol-salade-de-riz-provencale-chataignes-et-haricots-verts\/\" class=\"cooked-recipe-card-title\">Bol Salade de riz provencale, chataignes et haricots verts<\/a><\/span><\/article><article class=\"cooked-recipe has-post-thumbnail cooked-recipe-card cooked-recipe-card-modern-centered\"><a href=\"http:\/\/ledefiminceur21jours.com\/index.php\/recipes\/bol-de-pates-aux-epinards-et-poulet-grilles\/\" class=\"cooked-recipe-card-image\" style=\"background-image:url(http:\/\/ledefiminceur21jours.com\/wp-content\/uploads\/2018\/02\/Pates-aux-epinard-et-poulet-grille-700x525.jpg);\"><\/a><span class=\"cooked-recipe-card-content\"><a href=\"http:\/\/ledefiminceur21jours.com\/index.php\/recipes\/bol-de-pates-aux-epinards-et-poulet-grilles\/\" class=\"cooked-recipe-card-title\">Bol de P\u00e2tes aux \u00e9pinards et poulet grill\u00e9s<\/a><span class=\"cooked-recipe-card-sep\"><\/span><span class=\"cooked-recipe-card-excerpt\">Pr\u00eate en 5min cette recette simplissime vous apportera toute l'\u00e9nergie dont vous avez besoin.<\/span><\/span><\/article><article class=\"cooked-recipe has-post-thumbnail cooked-recipe-card cooked-recipe-card-modern-centered\"><a href=\"http:\/\/ledefiminceur21jours.com\/index.php\/recipes\/bol-de-lentilles-epautres-epinard-et-blanc-de-poulet\/\" class=\"cooked-recipe-card-image\" style=\"background-image:url(http:\/\/ledefiminceur21jours.com\/wp-content\/uploads\/2018\/02\/Lentilles-salees-epinard-poulet-700x525.jpg);\"><\/a><span class=\"cooked-recipe-card-content\"><a href=\"http:\/\/ledefiminceur21jours.com\/index.php\/recipes\/bol-de-lentilles-epautres-epinard-et-blanc-de-poulet\/\" class=\"cooked-recipe-card-title\">Bol de Lentilles, \u00e9pautres, \u00e9pinard et Blanc de poulet<\/a><span class=\"cooked-recipe-card-sep\"><\/span><span class=\"cooked-recipe-card-excerpt\">Cette recette savoureuse et simplissime vous apporte toutes l'\u00e9nergie dont vous avez besoin pour la journ\u00e9e<\/span><\/span><\/article><\/section>\u00a0<\/em>[\/et_pb_text][\/et_pb_column][\/et_pb_row][\/et_pb_section][et_pb_section fb_built=&#8221;1&#8243; background_color=&#8221;#f7f7f7&#8243; admin_label=&#8221;Newsletter Section&#8221; _builder_version=&#8221;3.0.105&#8243; use_background_color_gradient=&#8221;on&#8221; background_image=&#8221;http:\/\/ledefiminceur21jours.com\/wp-content\/uploads\/2018\/02\/krishnam-moosaddee-140303.jpg&#8221; parallax=&#8221;on&#8221; custom_padding=&#8221;10px||69px|&#8221; locked=&#8221;off&#8221;][et_pb_row custom_padding=&#8221;64px|0px|27px|0px&#8221; admin_label=&#8221;Newsletter Area&#8221; _builder_version=&#8221;3.0.105&#8243; locked=&#8221;off&#8221;][et_pb_column type=&#8221;4_4&#8243; _builder_version=&#8221;3.0.47&#8243; parallax=&#8221;off&#8221; parallax_method=&#8221;on&#8221;][et_pb_signup mailchimp_list=&#8221;Le DEFI minceur 21 jours|df0c72ec84&#8243; name_field=&#8221;on&#8221; first_name_field=&#8221;off&#8221; last_name_field=&#8221;off&#8221; success_message=&#8221;Bravo ! Vous faites maintenant partie du D\u00e9fi minceur 21 jours. Vous recevrez votre kit de bienvenue sous peu.&#8221; title=&#8221;Rejoignez-nous vite !&#8221; button_text=&#8221;Je m&#8217;inscris&#8221; use_background_color=&#8221;off&#8221; admin_label=&#8221;Email Option&#8221; _builder_version=&#8221;3.0.105&#8243; header_font=&#8221;Archivo|500|||||||&#8221; header_font_size=&#8221;36px&#8221; header_line_height=&#8221;1em&#8221; body_font=&#8221;Archivo|500|||||||&#8221; body_font_size=&#8221;20px&#8221; body_line_height=&#8221;1.8em&#8221; result_message_font=&#8221;||||||||&#8221; custom_button=&#8221;on&#8221; button_text_size=&#8221;25px&#8221; button_text_color=&#8221;#ffffff&#8221; button_bg_color=&#8221;#7cda24&#8243; button_border_width=&#8221;4px&#8221; button_border_color=&#8221;#7cda24&#8243; button_border_radius=&#8221;40px&#8221; button_letter_spacing=&#8221;1px&#8221; button_font=&#8221;Archivo|600|||||||&#8221; button_icon=&#8221;%%40%%&#8221; button_icon_color=&#8221;#ffffff&#8221; use_focus_border_color=&#8221;off&#8221;]<\/p>\n<p><span>Inscrivez-vous et recevez chaque jour le courriel du DEFI pendant 21 jours.<\/span><\/p>\n<p>[\/et_pb_signup][\/et_pb_column][\/et_pb_row][\/et_pb_section]<\/p>\n","protected":false},"excerpt":{"rendered":"<p>[et_pb_section fb_built=&#8221;1&#8243; fullwidth=&#8221;on&#8221; _builder_version=&#8221;3.0.105&#8243;][et_pb_fullwidth_header title=&#8221;Les Recettes&#8221; background_layout=&#8221;dark&#8221; _builder_version=&#8221;3.0.105&#8243; title_font=&#8221;Archivo||||||||&#8221; title_font_size=&#8221;60px&#8221; title_line_height=&#8221;1.2em&#8221; background_image=&#8221;http:\/\/ledefiminceur21jours.com\/wp-content\/uploads\/2018\/02\/ive-erhard-143833.jpg&#8221; custom_padding=&#8221;8%||8%|&#8221;][\/et_pb_fullwidth_header][\/et_pb_section][et_pb_section fb_built=&#8221;1&#8243; admin_label=&#8221;section&#8221; _builder_version=&#8221;3.0.105&#8243;][et_pb_row admin_label=&#8221;row&#8221; _builder_version=&#8221;3.0.47&#8243; background_size=&#8221;initial&#8221; background_position=&#8221;top_left&#8221; background_repeat=&#8221;repeat&#8221;][et_pb_column type=&#8221;4_4&#8243; _builder_version=&#8221;3.0.47&#8243; parallax=&#8221;off&#8221; parallax_method=&#8221;on&#8221;][et_pb_text admin_label=&#8221;Text&#8221; _builder_version=&#8221;3.0.105&#8243; background_size=&#8221;initial&#8221; background_position=&#8221;top_left&#8221; background_repeat=&#8221;repeat&#8221;] \u00a0[\/et_pb_text][\/et_pb_column][\/et_pb_row][\/et_pb_section][et_pb_section fb_built=&#8221;1&#8243; background_color=&#8221;#f7f7f7&#8243; admin_label=&#8221;Newsletter Section&#8221; _builder_version=&#8221;3.0.105&#8243; use_background_color_gradient=&#8221;on&#8221; background_image=&#8221;http:\/\/ledefiminceur21jours.com\/wp-content\/uploads\/2018\/02\/krishnam-moosaddee-140303.jpg&#8221; parallax=&#8221;on&#8221; custom_padding=&#8221;10px||69px|&#8221; locked=&#8221;off&#8221;][et_pb_row custom_padding=&#8221;64px|0px|27px|0px&#8221; admin_label=&#8221;Newsletter Area&#8221; _builder_version=&#8221;3.0.105&#8243; locked=&#8221;off&#8221;][et_pb_column type=&#8221;4_4&#8243; _builder_version=&#8221;3.0.47&#8243; parallax=&#8221;off&#8221; parallax_method=&#8221;on&#8221;][et_pb_signup mailchimp_list=&#8221;Le DEFI minceur 21 jours|df0c72ec84&#8243; [&hellip;]<\/p>\n","protected":false},"author":1,"featured_media":0,"parent":0,"menu_order":0,"comment_status":"closed","ping_status":"closed","template":"","meta":{"_et_pb_use_builder":"on","_et_pb_old_content":"<em>[cooked-browse]\u00a0<\/em>","_et_gb_content_width":"","footnotes":""},"_links":{"self":[{"href":"http:\/\/ledefiminceur21jours.com\/index.php\/wp-json\/wp\/v2\/pages\/29"}],"collection":[{"href":"http:\/\/ledefiminceur21jours.com\/index.php\/wp-json\/wp\/v2\/pages"}],"about":[{"href":"http:\/\/ledefiminceur21jours.com\/index.php\/wp-json\/wp\/v2\/types\/page"}],"author":[{"embeddable":true,"href":"http:\/\/ledefiminceur21jours.com\/index.php\/wp-json\/wp\/v2\/users\/1"}],"replies":[{"embeddable":true,"href":"http:\/\/ledefiminceur21jours.com\/index.php\/wp-json\/wp\/v2\/comments?post=29"}],"version-history":[{"count":10,"href":"http:\/\/ledefiminceur21jours.com\/index.php\/wp-json\/wp\/v2\/pages\/29\/revisions"}],"predecessor-version":[{"id":361,"href":"http:\/\/ledefiminceur21jours.com\/index.php\/wp-json\/wp\/v2\/pages\/29\/revisions\/361"}],"wp:attachment":[{"href":"http:\/\/ledefiminceur21jours.com\/index.php\/wp-json\/wp\/v2\/media?parent=29"}],"curies":[{"name":"wp","href":"https:\/\/api.w.org\/{rel}","templated":true}]}}